{"id":1279,"date":"2024-01-12T07:41:16","date_gmt":"2024-01-12T06:41:16","guid":{"rendered":"https:\/\/moments-botswana.com\/chi-siamo\/"},"modified":"2025-03-24T20:56:47","modified_gmt":"2025-03-24T19:56:47","slug":"chi-siamo","status":"publish","type":"page","link":"https:\/\/moments-botswana.com\/it\/chi-siamo\/","title":{"rendered":"Chi siamo"},"content":{"rendered":"<div id=\"pl-1279\"  class=\"panel-layout\" ><div id=\"pg-1279-0\"  class=\"panel-grid panel-has-style\" ><div class=\"siteorigin-panels-stretch panel-widget-style panel-row-style panel-row-style-for-1279-0\" data-stretch-type=\"full-width-stretch\" ><div id=\"pgc-1279-0-0\"  class=\"panel-grid-cell\" ><div id=\"panel-1279-0-0-0\" class=\"widget_text so-panel widget widget_custom_html panel-first-child panel-last-child\" data-index=\"0\" ><div class=\"textwidget custom-html-widget\"><div id=\"metaslider-id-4727\" style=\"width: 100%;\" class=\"ml-slider-3-107-0 metaslider metaslider-flex metaslider-4727 ml-slider has-carousel-mode ms-theme-blend nav-hidden\" role=\"region\" aria-label=\"Header \u00dcber uns\" data-height=\"400\" data-width=\"600\">\n    <div id=\"metaslider_container_4727\">\n        <div id=\"metaslider_4727\" class=\"flexslider\">\n            <ul class='slides'>\n                <li style=\"display: none; width: 100%;\" class=\"slide-4748 ms-image \" aria-roledescription=\"slide\" data-date=\"2024-10-28 15:38:12\" data-filename=\"IMG_7866-600x400.jpeg\" data-slide-type=\"image\"><img loading=\"lazy\" decoding=\"async\" src=\"https:\/\/moments-botswana.com\/wp-content\/uploads\/2024\/01\/IMG_7866-600x400.jpeg\" height=\"400\" width=\"600\" alt=\"\" class=\"slider-4727 slide-4748 msDefaultImage\" title=\"Victoria Falls Wir\" \/><\/li>\n                <li style=\"display: none; width: 100%;\" class=\"slide-4749 ms-image \" aria-roledescription=\"slide\" data-date=\"2024-10-28 15:38:52\" data-filename=\"IMG_1165Edited-scaled-600x400.jpg\" data-slide-type=\"image\"><img loading=\"lazy\" decoding=\"async\" src=\"https:\/\/moments-botswana.com\/wp-content\/uploads\/2024\/01\/IMG_1165Edited-scaled-600x400.jpg\" height=\"400\" width=\"600\" alt=\"\" class=\"slider-4727 slide-4749 msDefaultImage\" title=\"Dirk Einzelbild 1 Deadvlei\" \/><\/li>\n                <li style=\"display: none; width: 100%;\" class=\"slide-4750 ms-image \" aria-roledescription=\"slide\" data-date=\"2024-10-28 15:39:19\" data-filename=\"IMG_7160-600x400.jpeg\" data-slide-type=\"image\"><img loading=\"lazy\" decoding=\"async\" src=\"https:\/\/moments-botswana.com\/wp-content\/uploads\/2024\/01\/IMG_7160-600x400.jpeg\" height=\"400\" width=\"600\" alt=\"\" class=\"slider-4727 slide-4750 msDefaultImage\" title=\"Moremi Experiences with Moments wir\" \/><\/li>\n                <li style=\"display: none; width: 100%;\" class=\"slide-4742 ms-image \" aria-roledescription=\"slide\" data-date=\"2024-10-28 15:36:50\" data-filename=\"4V7A1602-600x400.jpg\" data-slide-type=\"image\"><img loading=\"lazy\" decoding=\"async\" src=\"https:\/\/moments-botswana.com\/wp-content\/uploads\/2024\/09\/4V7A1602-600x400.jpg\" height=\"400\" width=\"600\" alt=\"\" class=\"slider-4727 slide-4742 msDefaultImage\" title=\"4V7A1602\" \/><\/li>\n                <li style=\"display: none; width: 100%;\" class=\"slide-4752 ms-image \" aria-roledescription=\"slide\" data-date=\"2024-10-28 15:40:18\" data-filename=\"IMG_7137-600x400.jpeg\" data-slide-type=\"image\"><img loading=\"lazy\" decoding=\"async\" src=\"https:\/\/moments-botswana.com\/wp-content\/uploads\/2024\/01\/IMG_7137-600x400.jpeg\" height=\"400\" width=\"600\" alt=\"\" class=\"slider-4727 slide-4752 msDefaultImage\" title=\"Experiences with Moments\" \/><\/li>\n            <\/ul>\n        <\/div>\n        \n    <\/div>\n<\/div><\/div><\/div><\/div><\/div><\/div><div id=\"pg-1279-1\"  class=\"panel-grid panel-has-style\" ><div class=\"panel-widget-style panel-row-style panel-row-style-for-1279-1\" ><div id=\"pgc-1279-1-0\"  class=\"panel-grid-cell\" ><div id=\"panel-1279-1-0-0\" class=\"so-panel widget widget_sow-headline panel-first-child panel-last-child\" data-index=\"1\" ><div\n\t\t\t\n\t\t\tclass=\"so-widget-sow-headline so-widget-sow-headline-default-0ca500063943-1279 so-widget-fittext-wrapper\"\n\t\t\t data-fit-text-compressor=\"0.9\"\n\t\t><div class=\"sow-headline-container \">\n\t\t\t\t\t\t\t<h1 class=\"sow-headline\">\n\t\t\t\t\t\tCiao, siamo Kristin e Dirk.\t\t\t\t\t\t<\/h1>\n\t\t\t\t\t\t<\/div>\n<\/div><\/div><\/div><\/div><\/div><div id=\"pg-1279-2\"  class=\"panel-grid panel-has-style\" ><div class=\"panel-widget-style panel-row-style panel-row-style-for-1279-2\" ><div id=\"pgc-1279-2-0\"  class=\"panel-grid-cell\" ><div id=\"panel-1279-2-0-0\" class=\"so-panel widget widget_virtue_about_with_image virtue_about_with_image panel-first-child panel-last-child\" data-index=\"2\" ><div class=\"kad_img_upload_widget kt-shape-type-kt-image-shape-standard kt-image-align-center kt-image-widget-widget-2-0-0\"><div class=\"kt-image-contain kt-image-shadow-none kt-image-shape-standard\"><div class=\"kt-image-inner-contain\"><img loading=\"lazy\" decoding=\"async\" width=\"2048\" height=\"1536\" src=\"https:\/\/moments-botswana.com\/wp-content\/uploads\/2024\/01\/IMG_7715.jpeg\" class=\"attachment-full size-full\" alt=\"\t\t\t\t\t\t\t\t \t\t\" srcset=\"https:\/\/moments-botswana.com\/wp-content\/uploads\/2024\/01\/IMG_7715.jpeg 2048w, https:\/\/moments-botswana.com\/wp-content\/uploads\/2024\/01\/IMG_7715-300x225.jpeg 300w, https:\/\/moments-botswana.com\/wp-content\/uploads\/2024\/01\/IMG_7715-1024x768.jpeg 1024w, https:\/\/moments-botswana.com\/wp-content\/uploads\/2024\/01\/IMG_7715-768x576.jpeg 768w, https:\/\/moments-botswana.com\/wp-content\/uploads\/2024\/01\/IMG_7715-1536x1152.jpeg 1536w\" sizes=\"auto, (max-width: 2048px) 100vw, 2048px\" \/><\/div><\/div><div class=\"virtue_image_widget_caption kadence_image_widget_caption\">\t\t\t\t\t\t\t\t \t\t<\/div><\/div><\/div><\/div><div id=\"pgc-1279-2-1\"  class=\"panel-grid-cell\" ><div id=\"panel-1279-2-1-0\" class=\"so-panel widget widget_sow-editor panel-first-child panel-last-child\" data-index=\"3\" ><div\n\t\t\t\n\t\t\tclass=\"so-widget-sow-editor so-widget-sow-editor-base\"\n\t\t\t\n\t\t>\n<div class=\"siteorigin-widget-tinymce textwidget\">\n\t<p>Kristin (1979), nata ad Apolda, lavora nel settore del turismo dall'et\u00e0 di 16 anni. Dopo aver completato la sua formazione come agente di viaggio nel 1999, ha lavorato come dipendente per 9 anni. Nel 2004 ha completato con successo la sua formazione come contabile. Dal 1\u00b0 maggio 2008 lavora in proprio con la sua agenzia di viaggi ad Apolda. La sua specialit\u00e0, oltre all'organizzazione di un'ampia gamma di offerte di viaggio, \u00e8 l'organizzazione e la realizzazione di tour di gruppo, molti dei quali in Africa meridionale.<\/p>\n<\/div>\n<\/div><\/div><\/div><\/div><\/div><div id=\"pg-1279-3\"  class=\"panel-grid panel-has-style\" ><div class=\"panel-widget-style panel-row-style panel-row-style-for-1279-3\" ><div id=\"pgc-1279-3-0\"  class=\"panel-grid-cell\" ><div id=\"panel-1279-3-0-0\" class=\"so-panel widget widget_sow-editor panel-first-child panel-last-child\" data-index=\"4\" ><div\n\t\t\t\n\t\t\tclass=\"so-widget-sow-editor so-widget-sow-editor-base\"\n\t\t\t\n\t\t>\n<div class=\"siteorigin-widget-tinymce textwidget\">\n\t<p>Dirk (1970), nato a Halle \/ Saale, si \u00e8 formato come meccanico d'auto e poi ha studiato ingegneria civile all'HTWK di Lipsia. Dopo la laurea nel 1998, ha lavorato come ingegnere civile libero professionista. Oltre a questa attivit\u00e0, dal 2017 si dedica alla pianificazione e alla realizzazione dei tour di gruppo dell'agenzia di viaggi.<\/p>\n<\/div>\n<\/div><\/div><\/div><div id=\"pgc-1279-3-1\"  class=\"panel-grid-cell\" ><div id=\"panel-1279-3-1-0\" class=\"so-panel widget widget_virtue_about_with_image virtue_about_with_image panel-first-child panel-last-child\" data-index=\"5\" ><div class=\"kad_img_upload_widget kt-shape-type-kt-image-shape-standard kt-image-align-center kt-image-widget-widget-3-1-0\"><div class=\"kt-image-contain kt-image-shadow-none kt-image-shape-standard\"><div class=\"kt-image-inner-contain\"><img loading=\"lazy\" decoding=\"async\" width=\"2048\" height=\"1536\" src=\"https:\/\/moments-botswana.com\/wp-content\/uploads\/2024\/01\/IMG_7982.jpeg\" class=\"attachment-full size-full\" alt=\"\t\t\t\t\t\t\t\t \t\t\t\t\t\t\t\t \t\t\t\t\" srcset=\"https:\/\/moments-botswana.com\/wp-content\/uploads\/2024\/01\/IMG_7982.jpeg 2048w, https:\/\/moments-botswana.com\/wp-content\/uploads\/2024\/01\/IMG_7982-300x225.jpeg 300w, https:\/\/moments-botswana.com\/wp-content\/uploads\/2024\/01\/IMG_7982-1024x768.jpeg 1024w, https:\/\/moments-botswana.com\/wp-content\/uploads\/2024\/01\/IMG_7982-768x576.jpeg 768w, https:\/\/moments-botswana.com\/wp-content\/uploads\/2024\/01\/IMG_7982-1536x1152.jpeg 1536w\" sizes=\"auto, (max-width: 2048px) 100vw, 2048px\" \/><\/div><\/div><div class=\"virtue_image_widget_caption kadence_image_widget_caption\">\t\t\t\t\t\t\t\t \t\t\t\t\t\t\t\t \t\t\t\t<\/div><\/div><\/div><\/div><\/div><\/div><div id=\"pg-1279-4\"  class=\"panel-grid panel-has-style\" ><div class=\"panel-widget-style panel-row-style panel-row-style-for-1279-4\" ><div id=\"pgc-1279-4-0\"  class=\"panel-grid-cell\" ><div id=\"panel-1279-4-0-0\" class=\"so-panel widget widget_sow-editor panel-first-child panel-last-child\" data-index=\"6\" ><div\n\t\t\t\n\t\t\tclass=\"so-widget-sow-editor so-widget-sow-editor-base\"\n\t\t\t\n\t\t>\n<div class=\"siteorigin-widget-tinymce textwidget\">\n\t<p>\u00c8 stato durante uno di questi viaggi di gruppo in Sudafrica, per la precisione sulle scogliere del Capo di Buona Speranza, che si \u00e8 sviluppata l'idea e il desiderio di spostare il centro della sua vita in Africa meridionale. Il piano originale era di farlo in Sudafrica, ma poi \u00e8 seguito il nostro viaggio di nozze in Botswana. Ci siamo subito innamorati di questo Paese con il suo ritmo di vita, tanto che sono seguiti diversi altri viaggi qui. Il livello di regolamentazione \u00e8 molto inferiore a quello del Sudafrica o della Namibia e lontano anni luce da quello della Germania. In nessun altro luogo siamo stati in grado di tornare ai nostri istinti di base e di lasciar andare lo stress e la tensione della vita quotidiana. Vorremmo condividerlo con il maggior numero di persone possibile.<\/p>\n<\/div>\n<\/div><\/div><\/div><\/div><\/div><div id=\"pg-1279-5\"  class=\"panel-grid panel-has-style\" ><div class=\"panel-widget-style panel-row-style panel-row-style-for-1279-5\" ><div id=\"pgc-1279-5-0\"  class=\"panel-grid-cell\" ><div id=\"panel-1279-5-0-0\" class=\"so-panel widget widget_virtue_about_with_image virtue_about_with_image panel-first-child panel-last-child\" data-index=\"7\" ><div class=\"kad_img_upload_widget kt-shape-type-kt-image-shape-standard kt-image-align-center kt-image-widget-widget-5-0-0\"><div class=\"kt-image-contain kt-image-shadow-none kt-image-shape-standard\"><div class=\"kt-image-inner-contain\"><img loading=\"lazy\" decoding=\"async\" width=\"2363\" height=\"1575\" src=\"https:\/\/moments-botswana.com\/wp-content\/uploads\/2024\/01\/Abendhimmel-Moremi.jpg\" class=\"attachment-full size-full\" alt=\"\t\t\t\t\t\t\t\t \t\t\t\t\t\t\t\t \t\t\t\t\" srcset=\"https:\/\/moments-botswana.com\/wp-content\/uploads\/2024\/01\/Abendhimmel-Moremi.jpg 2363w, https:\/\/moments-botswana.com\/wp-content\/uploads\/2024\/01\/Abendhimmel-Moremi-300x200.jpg 300w, https:\/\/moments-botswana.com\/wp-content\/uploads\/2024\/01\/Abendhimmel-Moremi-1024x683.jpg 1024w, https:\/\/moments-botswana.com\/wp-content\/uploads\/2024\/01\/Abendhimmel-Moremi-768x512.jpg 768w, https:\/\/moments-botswana.com\/wp-content\/uploads\/2024\/01\/Abendhimmel-Moremi-1536x1024.jpg 1536w, https:\/\/moments-botswana.com\/wp-content\/uploads\/2024\/01\/Abendhimmel-Moremi-2048x1365.jpg 2048w, https:\/\/moments-botswana.com\/wp-content\/uploads\/2024\/01\/Abendhimmel-Moremi-272x182.jpg 272w, https:\/\/moments-botswana.com\/wp-content\/uploads\/2024\/01\/Abendhimmel-Moremi-720x480.jpg 720w\" sizes=\"auto, (max-width: 2363px) 100vw, 2363px\" \/><\/div><\/div><div class=\"virtue_image_widget_caption kadence_image_widget_caption\">\t\t\t\t\t\t\t\t \t\t\t\t\t\t\t\t \t\t\t\t<\/div><\/div><\/div><\/div><div id=\"pgc-1279-5-1\"  class=\"panel-grid-cell\" ><div id=\"panel-1279-5-1-0\" class=\"so-panel widget widget_sow-editor panel-first-child panel-last-child\" data-index=\"8\" ><div\n\t\t\t\n\t\t\tclass=\"so-widget-sow-editor so-widget-sow-editor-base\"\n\t\t\t\n\t\t>\n<div class=\"siteorigin-widget-tinymce textwidget\">\n\t<p>Perch\u00e9 il Botswana? Il Botswana si colloca tra le prime 35 nazioni al mondo nell'indice di corruzione, davanti a molti Paesi dell'Unione Europea. Il Botswana consente agli investitori stranieri di investire con relativa facilit\u00e0. Il Botswana, in particolare il Delta dell'Okavango, \u00e8 una delle aree con la maggiore biodiversit\u00e0 al mondo. Con circa 200.000 elefanti, questa \u00e8 la pi\u00f9 grande popolazione al mondo. \"Il \"Moments\" sar\u00e0 situato proprio qui, senza recinzioni, nel cuore del delta, a tu per tu con elefanti, leoni, ecc. Il nostro \"cuore\" si trova tra la Moremi Game Reserve e il Chobe National Park, i due parchi nazionali pi\u00f9 famosi del Botswana.<\/p>\n<\/div>\n<\/div><\/div><\/div><\/div><\/div><div id=\"pg-1279-6\"  class=\"panel-grid panel-has-style\" ><div class=\"panel-widget-style panel-row-style panel-row-style-for-1279-6\" ><div id=\"pgc-1279-6-0\"  class=\"panel-grid-cell\" ><div id=\"panel-1279-6-0-0\" class=\"so-panel widget widget_sow-editor panel-first-child panel-last-child\" data-index=\"9\" ><div\n\t\t\t\n\t\t\tclass=\"so-widget-sow-editor so-widget-sow-editor-base\"\n\t\t\t\n\t\t>\n<div class=\"siteorigin-widget-tinymce textwidget\">\n\t<p style=\"text-align: center;\"><strong><\/p>\n<p>Dove, se non qui, gli ospiti vivono i loro \"momenti\"... I momenti sono quegli attimi della vita che rimangono indimenticabili, semplicemente<br \/>\n<img loading=\"lazy\" decoding=\"async\" class=\"size-medium wp-image-385 aligncenter\" src=\"https:\/\/moments-botswana.com\/wp-content\/uploads\/2023\/12\/logo_moments-botswana_dark-300x151.png\" alt=\"\" width=\"300\" height=\"151\" srcset=\"https:\/\/moments-botswana.com\/wp-content\/uploads\/2023\/12\/logo_moments-botswana_dark-300x151.png 300w, https:\/\/moments-botswana.com\/wp-content\/uploads\/2023\/12\/logo_moments-botswana_dark-1024x516.png 1024w, https:\/\/moments-botswana.com\/wp-content\/uploads\/2023\/12\/logo_moments-botswana_dark-768x387.png 768w, https:\/\/moments-botswana.com\/wp-content\/uploads\/2023\/12\/logo_moments-botswana_dark-1536x774.png 1536w, https:\/\/moments-botswana.com\/wp-content\/uploads\/2023\/12\/logo_moments-botswana_dark-2048x1032.png 2048w, https:\/\/moments-botswana.com\/wp-content\/uploads\/2023\/12\/logo_moments-botswana_dark-992x500.png 992w, https:\/\/moments-botswana.com\/wp-content\/uploads\/2023\/12\/logo_moments-botswana_dark-496x250.png 496w, https:\/\/moments-botswana.com\/wp-content\/uploads\/2023\/12\/logo_moments-botswana_dark-794x400.png 794w, https:\/\/moments-botswana.com\/wp-content\/uploads\/2023\/12\/logo_moments-botswana_dark-397x200.png 397w, https:\/\/moments-botswana.com\/wp-content\/uploads\/2023\/12\/logo_moments-botswana_dark.png 2149w\" sizes=\"auto, (max-width: 300px) 100vw, 300px\" \/><br \/>\n<\/strong><\/p>\n<\/div>\n<\/div><\/div><\/div><\/div><\/div><\/div>","protected":false},"excerpt":{"rendered":"<p>Ciao, siamo Kristin e Dirk. Kristin (1979), nata ad Apolda, lavora nel settore del turismo dall&#8217;et\u00e0 di 16 anni. Dopo aver completato la sua formazione come agente di viaggio nel 1999, ha lavorato come dipendente per 9 anni. Nel 2004 ha completato con successo la sua formazione come contabile. Dal 1\u00b0 maggio 2008 lavora in proprio con la sua agenzia di viaggi ad Apolda. La sua specialit\u00e0, oltre all&#8217;organizzazione di un&#8217;ampia gamma di offerte di viaggio, \u00e8 l&#8217;organizzazione e la &hellip; <a class=\"kt-excerpt-readmore\" href=\"https:\/\/moments-botswana.com\/it\/chi-siamo\/\" aria-label=\"Chi siamo\">Continua a leggere<\/a><\/p>\n","protected":false},"author":2,"featured_media":0,"parent":0,"menu_order":0,"comment_status":"closed","ping_status":"closed","template":"page-fullwidth.php","meta":{"kt_blocks_editor_width":"","_kad_blocks_custom_css":"","_kad_blocks_head_custom_js":"","_kad_blocks_body_custom_js":"","_kad_blocks_footer_custom_js":"","pgc_sgb_lightbox_settings":"","footnotes":""},"class_list":["post-1279","page","type-page","status-publish","hentry"],"yoast_head":"<!-- This site is optimized with the Yoast SEO plugin v27.3 - https:\/\/yoast.com\/product\/yoast-seo-wordpress\/ -->\n<title>Chi siamo - Moments Botswana<\/title>\n<meta name=\"robots\" content=\"index, follow, max-snippet:-1, max-image-preview:large, max-video-preview:-1\" \/>\n<link rel=\"canonical\" href=\"https:\/\/moments-botswana.com\/it\/chi-siamo\/\" \/>\n<meta property=\"og:locale\" content=\"it_IT\" \/>\n<meta property=\"og:type\" content=\"article\" \/>\n<meta property=\"og:title\" content=\"Chi siamo - Moments Botswana\" \/>\n<meta property=\"og:description\" content=\"Ciao, siamo Kristin e Dirk. Kristin (1979), nata ad Apolda, lavora nel settore del turismo dall&#039;et\u00e0 di 16 anni. Dopo aver completato la sua formazione come agente di viaggio nel 1999, ha lavorato come dipendente per 9 anni. Nel 2004 ha completato con successo la sua formazione come contabile. Dal 1\u00b0 maggio 2008 lavora in proprio con la sua agenzia di viaggi ad Apolda. La sua specialit\u00e0, oltre all&#039;organizzazione di un&#039;ampia gamma di offerte di viaggio, \u00e8 l&#039;organizzazione e la &hellip; Continua a leggere\" \/>\n<meta property=\"og:url\" content=\"https:\/\/moments-botswana.com\/it\/chi-siamo\/\" \/>\n<meta property=\"og:site_name\" content=\"Moments Botswana\" \/>\n<meta property=\"article:publisher\" content=\"https:\/\/www.facebook.com\/profile.php?id=61555182794338\" \/>\n<meta property=\"article:modified_time\" content=\"2025-03-24T19:56:47+00:00\" \/>\n<meta name=\"twitter:card\" content=\"summary_large_image\" \/>\n<script type=\"application\/ld+json\" class=\"yoast-schema-graph\">{\"@context\":\"https:\\\/\\\/schema.org\",\"@graph\":[{\"@type\":\"WebPage\",\"@id\":\"https:\\\/\\\/moments-botswana.com\\\/it\\\/chi-siamo\\\/\",\"url\":\"https:\\\/\\\/moments-botswana.com\\\/it\\\/chi-siamo\\\/\",\"name\":\"Chi siamo - Moments Botswana\",\"isPartOf\":{\"@id\":\"https:\\\/\\\/moments-botswana.com\\\/it\\\/#website\"},\"datePublished\":\"2024-01-12T06:41:16+00:00\",\"dateModified\":\"2025-03-24T19:56:47+00:00\",\"breadcrumb\":{\"@id\":\"https:\\\/\\\/moments-botswana.com\\\/it\\\/chi-siamo\\\/#breadcrumb\"},\"inLanguage\":\"it-IT\",\"potentialAction\":[{\"@type\":\"ReadAction\",\"target\":[\"https:\\\/\\\/moments-botswana.com\\\/it\\\/chi-siamo\\\/\"]}]},{\"@type\":\"BreadcrumbList\",\"@id\":\"https:\\\/\\\/moments-botswana.com\\\/it\\\/chi-siamo\\\/#breadcrumb\",\"itemListElement\":[{\"@type\":\"ListItem\",\"position\":1,\"name\":\"Startseite\",\"item\":\"https:\\\/\\\/moments-botswana.com\\\/it\\\/safari-di-lusso-in-botswana-2\\\/\"},{\"@type\":\"ListItem\",\"position\":2,\"name\":\"Chi siamo\"}]},{\"@type\":\"WebSite\",\"@id\":\"https:\\\/\\\/moments-botswana.com\\\/it\\\/#website\",\"url\":\"https:\\\/\\\/moments-botswana.com\\\/it\\\/\",\"name\":\"Moments Botswana\",\"description\":\"Luxus Safarireisen in Botswana von Moments by Moments\",\"publisher\":{\"@id\":\"https:\\\/\\\/moments-botswana.com\\\/it\\\/#organization\"},\"potentialAction\":[{\"@type\":\"SearchAction\",\"target\":{\"@type\":\"EntryPoint\",\"urlTemplate\":\"https:\\\/\\\/moments-botswana.com\\\/it\\\/?s={search_term_string}\"},\"query-input\":{\"@type\":\"PropertyValueSpecification\",\"valueRequired\":true,\"valueName\":\"search_term_string\"}}],\"inLanguage\":\"it-IT\"},{\"@type\":\"Organization\",\"@id\":\"https:\\\/\\\/moments-botswana.com\\\/it\\\/#organization\",\"name\":\"Moments by moments\",\"url\":\"https:\\\/\\\/moments-botswana.com\\\/it\\\/\",\"logo\":{\"@type\":\"ImageObject\",\"inLanguage\":\"it-IT\",\"@id\":\"https:\\\/\\\/moments-botswana.com\\\/it\\\/#\\\/schema\\\/logo\\\/image\\\/\",\"url\":\"https:\\\/\\\/moments-botswana.com\\\/wp-content\\\/uploads\\\/2024\\\/01\\\/moments-botswana_logo_HiRes.png\",\"contentUrl\":\"https:\\\/\\\/moments-botswana.com\\\/wp-content\\\/uploads\\\/2024\\\/01\\\/moments-botswana_logo_HiRes.png\",\"width\":1794,\"height\":643,\"caption\":\"Moments by moments\"},\"image\":{\"@id\":\"https:\\\/\\\/moments-botswana.com\\\/it\\\/#\\\/schema\\\/logo\\\/image\\\/\"},\"sameAs\":[\"https:\\\/\\\/www.facebook.com\\\/profile.php?id=61555182794338\"]}]}<\/script>\n<!-- \/ Yoast SEO plugin. -->","yoast_head_json":{"title":"Chi siamo - Moments Botswana","robots":{"index":"index","follow":"follow","max-snippet":"max-snippet:-1","max-image-preview":"max-image-preview:large","max-video-preview":"max-video-preview:-1"},"canonical":"https:\/\/moments-botswana.com\/it\/chi-siamo\/","og_locale":"it_IT","og_type":"article","og_title":"Chi siamo - Moments Botswana","og_description":"Ciao, siamo Kristin e Dirk. Kristin (1979), nata ad Apolda, lavora nel settore del turismo dall'et\u00e0 di 16 anni. Dopo aver completato la sua formazione come agente di viaggio nel 1999, ha lavorato come dipendente per 9 anni. Nel 2004 ha completato con successo la sua formazione come contabile. Dal 1\u00b0 maggio 2008 lavora in proprio con la sua agenzia di viaggi ad Apolda. La sua specialit\u00e0, oltre all'organizzazione di un'ampia gamma di offerte di viaggio, \u00e8 l'organizzazione e la &hellip; Continua a leggere","og_url":"https:\/\/moments-botswana.com\/it\/chi-siamo\/","og_site_name":"Moments Botswana","article_publisher":"https:\/\/www.facebook.com\/profile.php?id=61555182794338","article_modified_time":"2025-03-24T19:56:47+00:00","twitter_card":"summary_large_image","schema":{"@context":"https:\/\/schema.org","@graph":[{"@type":"WebPage","@id":"https:\/\/moments-botswana.com\/it\/chi-siamo\/","url":"https:\/\/moments-botswana.com\/it\/chi-siamo\/","name":"Chi siamo - Moments Botswana","isPartOf":{"@id":"https:\/\/moments-botswana.com\/it\/#website"},"datePublished":"2024-01-12T06:41:16+00:00","dateModified":"2025-03-24T19:56:47+00:00","breadcrumb":{"@id":"https:\/\/moments-botswana.com\/it\/chi-siamo\/#breadcrumb"},"inLanguage":"it-IT","potentialAction":[{"@type":"ReadAction","target":["https:\/\/moments-botswana.com\/it\/chi-siamo\/"]}]},{"@type":"BreadcrumbList","@id":"https:\/\/moments-botswana.com\/it\/chi-siamo\/#breadcrumb","itemListElement":[{"@type":"ListItem","position":1,"name":"Startseite","item":"https:\/\/moments-botswana.com\/it\/safari-di-lusso-in-botswana-2\/"},{"@type":"ListItem","position":2,"name":"Chi siamo"}]},{"@type":"WebSite","@id":"https:\/\/moments-botswana.com\/it\/#website","url":"https:\/\/moments-botswana.com\/it\/","name":"Moments Botswana","description":"Luxus Safarireisen in Botswana von Moments by Moments","publisher":{"@id":"https:\/\/moments-botswana.com\/it\/#organization"},"potentialAction":[{"@type":"SearchAction","target":{"@type":"EntryPoint","urlTemplate":"https:\/\/moments-botswana.com\/it\/?s={search_term_string}"},"query-input":{"@type":"PropertyValueSpecification","valueRequired":true,"valueName":"search_term_string"}}],"inLanguage":"it-IT"},{"@type":"Organization","@id":"https:\/\/moments-botswana.com\/it\/#organization","name":"Moments by moments","url":"https:\/\/moments-botswana.com\/it\/","logo":{"@type":"ImageObject","inLanguage":"it-IT","@id":"https:\/\/moments-botswana.com\/it\/#\/schema\/logo\/image\/","url":"https:\/\/moments-botswana.com\/wp-content\/uploads\/2024\/01\/moments-botswana_logo_HiRes.png","contentUrl":"https:\/\/moments-botswana.com\/wp-content\/uploads\/2024\/01\/moments-botswana_logo_HiRes.png","width":1794,"height":643,"caption":"Moments by moments"},"image":{"@id":"https:\/\/moments-botswana.com\/it\/#\/schema\/logo\/image\/"},"sameAs":["https:\/\/www.facebook.com\/profile.php?id=61555182794338"]}]}},"taxonomy_info":[],"featured_image_src_large":false,"author_info":{"display_name":"Holger Spreda","author_link":"https:\/\/moments-botswana.com\/it\/author\/holger-spreda\/"},"comment_info":0,"_links":{"self":[{"href":"https:\/\/moments-botswana.com\/it\/wp-json\/wp\/v2\/pages\/1279","targetHints":{"allow":["GET"]}}],"collection":[{"href":"https:\/\/moments-botswana.com\/it\/wp-json\/wp\/v2\/pages"}],"about":[{"href":"https:\/\/moments-botswana.com\/it\/wp-json\/wp\/v2\/types\/page"}],"author":[{"embeddable":true,"href":"https:\/\/moments-botswana.com\/it\/wp-json\/wp\/v2\/users\/2"}],"replies":[{"embeddable":true,"href":"https:\/\/moments-botswana.com\/it\/wp-json\/wp\/v2\/comments?post=1279"}],"version-history":[{"count":0,"href":"https:\/\/moments-botswana.com\/it\/wp-json\/wp\/v2\/pages\/1279\/revisions"}],"wp:attachment":[{"href":"https:\/\/moments-botswana.com\/it\/wp-json\/wp\/v2\/media?parent=1279"}],"curies":[{"name":"wp","href":"https:\/\/api.w.org\/{rel}","templated":true}]}}